{"id":601,"date":"2020-11-23T15:22:34","date_gmt":"2020-11-23T14:22:34","guid":{"rendered":"https:\/\/balticseaside.com\/?page_id=601"},"modified":"2023-08-04T13:23:25","modified_gmt":"2023-08-04T11:23:25","slug":"kontakt","status":"publish","type":"page","link":"https:\/\/promisedland.pl\/de\/kontakt","title":{"rendered":"Kontakt"},"content":{"rendered":"","protected":false},"excerpt":{"rendered":"","protected":false},"author":1,"featured_media":0,"parent":0,"menu_order":0,"comment_status":"closed","ping_status":"closed","template":"","meta":{"footnotes":""},"yoast_head":"<!-- This site is optimized with the Yoast SEO plugin v17.7.1 - https:\/\/yoast.com\/wordpress\/plugins\/seo\/ -->\n<title>Kontakt - Promised Land - Piotrkowska 37<\/title>\n<meta name=\"description\" content=\"Sp\u0119d\u017a noc w sercu \u0141odzi, w obiekcie &quot;Promised Land&quot;. Zanurz si\u0119 w atmosfer\u0119 miasta pe\u0142nego historii i kultury.\" \/>\n<meta name=\"robots\" content=\"index, follow, max-snippet:-1, max-image-preview:large, max-video-preview:-1\" \/>\n<link rel=\"canonical\" href=\"https:\/\/promisedland.pl\/de\/kontakt\/\" \/>\n<meta property=\"og:locale\" content=\"de_DE\" \/>\n<meta property=\"og:type\" content=\"article\" \/>\n<meta property=\"og:title\" content=\"Kontakt - Promised Land - Piotrkowska 37\" \/>\n<meta property=\"og:description\" content=\"Sp\u0119d\u017a noc w sercu \u0141odzi, w obiekcie &quot;Promised Land&quot;. Zanurz si\u0119 w atmosfer\u0119 miasta pe\u0142nego historii i kultury.\" \/>\n<meta property=\"og:url\" content=\"https:\/\/promisedland.pl\/de\/kontakt\/\" \/>\n<meta property=\"og:site_name\" content=\"Promised Land - Piotrkowska 37\" \/>\n<meta property=\"article:modified_time\" content=\"2023-08-04T11:23:25+00:00\" \/>\n<meta name=\"twitter:card\" content=\"summary_large_image\" \/>\n<script type=\"application\/ld+json\" class=\"yoast-schema-graph\">{\"@context\":\"https:\/\/schema.org\",\"@graph\":[{\"@type\":\"WebSite\",\"@id\":\"https:\/\/promisedland.pl\/#website\",\"url\":\"https:\/\/promisedland.pl\/\",\"name\":\"Promised Land - Piotrkowska 37\",\"description\":\"Urlop w \\u0141odzi\",\"potentialAction\":[{\"@type\":\"SearchAction\",\"target\":{\"@type\":\"EntryPoint\",\"urlTemplate\":\"https:\/\/promisedland.pl\/?s={search_term_string}\"},\"query-input\":\"required name=search_term_string\"}],\"inLanguage\":\"de\"},{\"@type\":\"WebPage\",\"@id\":\"https:\/\/promisedland.pl\/kontakt#webpage\",\"url\":\"https:\/\/promisedland.pl\/kontakt\",\"name\":\"Kontakt - Promised Land - Piotrkowska 37\",\"isPartOf\":{\"@id\":\"https:\/\/promisedland.pl\/#website\"},\"datePublished\":\"2020-11-23T14:22:34+00:00\",\"dateModified\":\"2023-08-04T11:23:25+00:00\",\"description\":\"Sp\\u0119d\\u017a noc w sercu \\u0141odzi, w obiekcie \\\"Promised Land\\\". Zanurz si\\u0119 w atmosfer\\u0119 miasta pe\\u0142nego historii i kultury.\",\"breadcrumb\":{\"@id\":\"https:\/\/promisedland.pl\/kontakt#breadcrumb\"},\"inLanguage\":\"de\",\"potentialAction\":[{\"@type\":\"ReadAction\",\"target\":[\"https:\/\/promisedland.pl\/kontakt\"]}]},{\"@type\":\"BreadcrumbList\",\"@id\":\"https:\/\/promisedland.pl\/kontakt#breadcrumb\",\"itemListElement\":[{\"@type\":\"ListItem\",\"position\":1,\"name\":\"Strona g\\u0142\\u00f3wna\",\"item\":\"https:\/\/promisedland.pl\/\"},{\"@type\":\"ListItem\",\"position\":2,\"name\":\"Kontakt\"}]}]}<\/script>\n<!-- \/ Yoast SEO plugin. -->","yoast_head_json":{"title":"Kontakt - Promised Land - Piotrkowska 37","description":"Sp\u0119d\u017a noc w sercu \u0141odzi, w obiekcie \"Promised Land\". Zanurz si\u0119 w atmosfer\u0119 miasta pe\u0142nego historii i kultury.","robots":{"index":"index","follow":"follow","max-snippet":"max-snippet:-1","max-image-preview":"max-image-preview:large","max-video-preview":"max-video-preview:-1"},"canonical":"https:\/\/promisedland.pl\/de\/kontakt\/","og_locale":"de_DE","og_type":"article","og_title":"Kontakt - Promised Land - Piotrkowska 37","og_description":"Sp\u0119d\u017a noc w sercu \u0141odzi, w obiekcie \"Promised Land\". Zanurz si\u0119 w atmosfer\u0119 miasta pe\u0142nego historii i kultury.","og_url":"https:\/\/promisedland.pl\/de\/kontakt\/","og_site_name":"Promised Land - Piotrkowska 37","article_modified_time":"2023-08-04T11:23:25+00:00","twitter_card":"summary_large_image","schema":{"@context":"https:\/\/schema.org","@graph":[{"@type":"WebSite","@id":"https:\/\/promisedland.pl\/#website","url":"https:\/\/promisedland.pl\/","name":"Promised Land - Piotrkowska 37","description":"Urlop w \u0141odzi","potentialAction":[{"@type":"SearchAction","target":{"@type":"EntryPoint","urlTemplate":"https:\/\/promisedland.pl\/?s={search_term_string}"},"query-input":"required name=search_term_string"}],"inLanguage":"de"},{"@type":"WebPage","@id":"https:\/\/promisedland.pl\/kontakt#webpage","url":"https:\/\/promisedland.pl\/kontakt","name":"Kontakt - Promised Land - Piotrkowska 37","isPartOf":{"@id":"https:\/\/promisedland.pl\/#website"},"datePublished":"2020-11-23T14:22:34+00:00","dateModified":"2023-08-04T11:23:25+00:00","description":"Sp\u0119d\u017a noc w sercu \u0141odzi, w obiekcie \"Promised Land\". Zanurz si\u0119 w atmosfer\u0119 miasta pe\u0142nego historii i kultury.","breadcrumb":{"@id":"https:\/\/promisedland.pl\/kontakt#breadcrumb"},"inLanguage":"de","potentialAction":[{"@type":"ReadAction","target":["https:\/\/promisedland.pl\/kontakt"]}]},{"@type":"BreadcrumbList","@id":"https:\/\/promisedland.pl\/kontakt#breadcrumb","itemListElement":[{"@type":"ListItem","position":1,"name":"Strona g\u0142\u00f3wna","item":"https:\/\/promisedland.pl\/"},{"@type":"ListItem","position":2,"name":"Kontakt"}]}]}},"_links":{"self":[{"href":"https:\/\/promisedland.pl\/de\/wp-json\/wp\/v2\/pages\/601"}],"collection":[{"href":"https:\/\/promisedland.pl\/de\/wp-json\/wp\/v2\/pages"}],"about":[{"href":"https:\/\/promisedland.pl\/de\/wp-json\/wp\/v2\/types\/page"}],"author":[{"embeddable":true,"href":"https:\/\/promisedland.pl\/de\/wp-json\/wp\/v2\/users\/1"}],"replies":[{"embeddable":true,"href":"https:\/\/promisedland.pl\/de\/wp-json\/wp\/v2\/comments?post=601"}],"version-history":[{"count":1,"href":"https:\/\/promisedland.pl\/de\/wp-json\/wp\/v2\/pages\/601\/revisions"}],"predecessor-version":[{"id":602,"href":"https:\/\/promisedland.pl\/de\/wp-json\/wp\/v2\/pages\/601\/revisions\/602"}],"wp:attachment":[{"href":"https:\/\/promisedland.pl\/de\/wp-json\/wp\/v2\/media?parent=601"}],"curies":[{"name":"wp","href":"https:\/\/api.w.org\/{rel}","templated":true}]}}