{"id":591,"date":"2020-11-23T15:19:20","date_gmt":"2020-11-23T14:19:20","guid":{"rendered":"https:\/\/balticseaside.com\/?page_id=591"},"modified":"2026-02-06T12:35:22","modified_gmt":"2026-02-06T11:35:22","slug":"okolica","status":"publish","type":"page","link":"https:\/\/promisedland.pl\/de\/okolica","title":{"rendered":"Okolica"},"content":{"rendered":"<div id=\"div_block-3-591\" class=\"ct-div-block\" ><div id=\"div_block-4-591\" class=\"ct-div-block top-motion\" ><\/div><\/div><div id=\"div_block-5-591\" class=\"ct-div-block s1-template\" ><section id=\"section-6-591\" class=\"ct-section\" ><div class=\"ct-section-inner-wrap\"><div id=\"div_block-7-591\" class=\"ct-div-block\" ><div id=\"div_block-8-591\" class=\"ct-div-block\"  data-aos=\"fade\" data-aos-duration=\"600\" data-aos-offset=\"-200\" data-aos-delay=\"600\" data-aos-once=\"true\"><\/div><div id=\"div_block-9-591\" class=\"ct-div-block\" ><h2 id=\"headline-10-591\" class=\"ct-headline section-heading\">\u0141\u00f3d\u017a<br><\/h2><div id=\"text_block-11-591\" class=\"ct-text-block\" >\u0141\u00f3d\u017a \u2013 jedno z najwi\u0119kszych miast w Polsce, znane r\u00f3wnie\u017c jako \"miasto z klas\u0105\". Po\u0142o\u017cona w centrum kraju, \u0141\u00f3d\u017a jest wspania\u0142ym przyk\u0142adem przemys\u0142owej historii Polski, czego dowodem s\u0105 liczne fabryki i pa\u0142ace przemys\u0142owc\u00f3w, kt\u00f3re dzisiaj s\u0142u\u017c\u0105 jako muzea, galerie sztuki i miejsca kultury.<br><br><br>Miasto s\u0142ynie z wielokulturowo\u015bci, co widoczne jest w architekturze i kuchni. W \u0141odzi mo\u017cna znale\u017a\u0107 \u015blady niemieckiego, \u017cydowskiego i rosyjskiego dziedzictwa, kt\u00f3re tworz\u0105 unikalny charakter miasta.<br><br>Jednym z najbardziej znanych miejsc w \u0141odzi jest ulica Piotrkowska, jedna z najd\u0142u\u017cszych ulic handlowych w Europie. Ulica ta jest centrum kulturalnym i spo\u0142ecznym miasta, z mn\u00f3stwem kawiarni, restauracji, klub\u00f3w, sklep\u00f3w i galerii sztuki.<br><\/div><h4 id=\"headline-12-591\" class=\"ct-headline\">Herzlich Willkommen<\/h4><\/div><\/div><div id=\"div_block-123-591\" class=\"ct-div-block\" ><div id=\"div_block-13-591\" class=\"ct-div-block\" ><div id=\"div_block-14-591\" class=\"ct-div-block\"  data-aos=\"fade-up\" data-aos-duration=\"600\" data-aos-once=\"true\"><\/div><div id=\"div_block-15-591\" class=\"ct-div-block\"  data-aos=\"fade-up\" data-aos-duration=\"600\" data-aos-delay=\"200\" data-aos-once=\"true\"><\/div><div id=\"div_block-16-591\" class=\"ct-div-block\"  data-aos=\"fade-up\" data-aos-duration=\"600\" data-aos-delay=\"400\" data-aos-once=\"true\"><\/div><\/div><\/div><\/div><\/section><\/div><section id=\"section-20-591\" class=\"ct-section\"  data-aos=\"fade\" data-aos-duration=\"1250\" data-aos-delay=\"100\" data-aos-once=\"true\"><div class=\"ct-section-inner-wrap\"><div id=\"div_block-21-591\" class=\"ct-div-block\" ><div id=\"div_block-22-591\" class=\"ct-div-block\" ><img decoding=\"async\"  id=\"image-23-591\" alt=\"\" src=\"\/wp-content\/uploads\/2023\/08\/slider1.jpg\" class=\"ct-image cover-image\"\/><\/div><div id=\"div_block-24-591\" class=\"ct-div-block\" ><img decoding=\"async\"  id=\"image-25-591\" alt=\"\" src=\"\/wp-content\/uploads\/2023\/08\/lodz-jednorozec-.webp\" class=\"ct-image cover-image\"\/><\/div><\/div><div id=\"div_block-26-591\" class=\"ct-div-block\" ><div id=\"div_block-27-591\" class=\"ct-div-block\" ><img decoding=\"async\"  id=\"image-124-591\" alt=\"\" src=\"\/wp-content\/uploads\/2023\/08\/Smardzew_004.jpg\" class=\"ct-image\"\/><\/div><div id=\"div_block-29-591\" class=\"ct-div-block\" ><img decoding=\"async\"  id=\"image-30-591\" alt=\"\" src=\"\/wp-content\/uploads\/2023\/08\/z25320071AMPWizualizacja-neonu-Lodz-Fabryczna-w-okolicy-dworca.jpg\" class=\"ct-image cover-image\"\/><\/div><\/div><div id=\"div_block-31-591\" class=\"ct-div-block\" ><div id=\"div_block-32-591\" class=\"ct-div-block\" ><img decoding=\"async\"  id=\"image-33-591\" alt=\"\" src=\"\/wp-content\/uploads\/2023\/08\/lodz-atrakcje-palac-scheiblera-muzeum-kinomatografii.jpg\" class=\"ct-image cover-image\"\/><\/div><\/div><div id=\"div_block-34-591\" class=\"ct-div-block\" ><div id=\"div_block-35-591\" class=\"ct-div-block\" ><img decoding=\"async\"  id=\"image-36-591\" alt=\"\" src=\"\/wp-content\/uploads\/2023\/08\/planetarium-ec1-lodz-125159-1_X.jpg\" class=\"ct-image cover-image\"\/><\/div><div id=\"div_block-37-591\" class=\"ct-div-block\" ><img decoding=\"async\"  id=\"image-38-591\" alt=\"\" src=\"\/wp-content\/uploads\/2023\/08\/310688198.jpg\" class=\"ct-image cover-image\"\/><\/div><div id=\"div_block-39-591\" class=\"ct-div-block\" ><img decoding=\"async\"  id=\"image-40-591\" alt=\"\" src=\"\/wp-content\/uploads\/2023\/08\/ogrod-botaniczny-lodz-10.jpg\" class=\"ct-image cover-image\"\/><\/div><\/div><\/div><\/section><section id=\"section-46-591\" class=\"ct-section\" ><div class=\"ct-section-inner-wrap\"><div id=\"div_block-50-591\" class=\"ct-div-block\" ><div id=\"div_block-47-591\" class=\"ct-div-block\" ><\/div><h1 id=\"headline-48-591\" class=\"ct-headline section-heading\">Attraktionen<\/h1><div id=\"text_block-121-591\" class=\"ct-text-block\" ><a href=\"https:\/\/promisedland.pl\/de\/lodz\/\"><span id=\"span-127-591\" class=\"ct-span\" >\u0141\u00f3d\u017a<\/span>&nbsp;<\/a>to miejsce o wiele bogatsze ni\u017c tylko jego przemys\u0142owe dziedzictwo. Tutaj ka\u017cdy odkryje co\u015b dla siebie, od poszukiwaczy przyg\u00f3d, po mi\u0142o\u015bnik\u00f3w spokoju i ciszy: Piotrkowska z niepowtarzalnym klimatem, Manufaktura - rewitalizowana fabryka, kt\u00f3r\u0105 przemieniono w centrum handlowe, aleja gwiazd polskiego kina, \u015bcie\u017cki rowerowe i wiele innych. Nie zwlekaj d\u0142u\u017cej i odwied\u017a \u0141\u00f3d\u017a! Czekamy na Ciebie!<\/div><\/div><div id=\"div_block-65-591\" class=\"ct-div-block\"  data-aos=\"fade-right\" data-aos-duration=\"1250\" data-aos-once=\"true\"><div id=\"div_block-66-591\" class=\"ct-div-block card-container\" ><div id=\"div_block-71-591\" class=\"ct-div-block card\" ><div id=\"div_block-72-591\" class=\"ct-div-block card-front\" ><\/div><div id=\"div_block-68-591\" class=\"ct-div-block card-back\" ><div id=\"div_block-74-591\" class=\"ct-div-block\" ><div id=\"text_block-75-591\" class=\"ct-text-block\" >Najbardziej reprezentacyjna i ikoniczna ulica \u0141odzi? To bez dw\u00f3ch zda\u0144 Piotrkowska! <br><br>Ten licz\u0105cy a\u017c 4,2 kilometra d\u0142ugo\u015bci deptak stanowi kr\u0119gos\u0142up ca\u0142ego miasta, bo w \u0141odzi to ulica Piotrkowska, a nie rynek g\u0142\u00f3wny czy plac targowy, stanowi centrum \u017cycia miasta. <br><\/div><\/div><\/div><\/div><div id=\"div_block-69-591\" class=\"ct-div-block\" ><div id=\"text_block-70-591\" class=\"ct-text-block\" >Ulica Piotrkowska<\/div><\/div><\/div><div id=\"div_block-79-591\" class=\"ct-div-block card-container\" ><div id=\"div_block-80-591\" class=\"ct-div-block card\" ><div id=\"div_block-81-591\" class=\"ct-div-block card-front\" ><\/div><div id=\"div_block-82-591\" class=\"ct-div-block card-back\" ><div id=\"div_block-83-591\" class=\"ct-div-block\" ><div id=\"text_block-84-591\" class=\"ct-text-block\" >Na terenie Manufaktury umiejscowiono tak\u017ce jeden oddzia\u0142 Muzeum Sztuki Wsp\u00f3\u0142czesnej. Wystawy zmieniaj\u0105 si\u0119 regularnie, najlepiej wi\u0119c sprawdza\u0107 program na stronie instytucji. Warto doda\u0107, \u017ce to jedna z bardziej znanych plac\u00f3wek traktuj\u0105cych o sztuce wsp\u00f3\u0142czesnej.<br><\/div><\/div><\/div><\/div><div id=\"div_block-85-591\" class=\"ct-div-block\" ><div id=\"text_block-86-591\" class=\"ct-text-block\" >Muzeum Sztuki Wsp\u00f3\u0142czesnej<br><\/div><\/div><\/div><div id=\"div_block-87-591\" class=\"ct-div-block card-container\" ><div id=\"div_block-88-591\" class=\"ct-div-block card\" ><div id=\"div_block-89-591\" class=\"ct-div-block card-front\" ><\/div><div id=\"div_block-90-591\" class=\"ct-div-block card-back\" ><div id=\"div_block-91-591\" class=\"ct-div-block\" ><div id=\"text_block-92-591\" class=\"ct-text-block\" >Dawna fabryka Izraela Pozna\u0144skiego, kt\u00f3ra zosta\u0142a przekszta\u0142cona w imponuj\u0105ce centrum handlowe, kulturalne i rozrywkowe. W jej sk\u0142ad wchodz\u0105 m.in. centrum handlowe, kino, muzea i plac zabaw.<br><\/div><\/div><\/div><\/div><div id=\"div_block-93-591\" class=\"ct-div-block\" ><div id=\"text_block-94-591\" class=\"ct-text-block\" >Manufaktura<\/div><\/div><\/div><\/div><div id=\"div_block-95-591\" class=\"ct-div-block\"  data-aos=\"fade-right\" data-aos-duration=\"1250\" data-aos-once=\"true\"><div id=\"div_block-96-591\" class=\"ct-div-block card-container\" ><div id=\"div_block-97-591\" class=\"ct-div-block card\" ><div id=\"div_block-98-591\" class=\"ct-div-block card-front\" ><\/div><div id=\"div_block-99-591\" class=\"ct-div-block card-back\" ><div id=\"div_block-100-591\" class=\"ct-div-block\" ><div id=\"text_block-101-591\" class=\"ct-text-block\" >Zesp\u00f3\u0142 przemys\u0142owo-mieszkalny pochodz\u0105cy z XIX wieku, sk\u0142adaj\u0105cy si\u0119 z fabryki, willi w\u0142a\u015bcicieli i dom\u00f3w robotnik\u00f3w. To pi\u0119kny przyk\u0142ad architektury przemys\u0142owej.<br><\/div><\/div><\/div><\/div><div id=\"div_block-102-591\" class=\"ct-div-block\" ><div id=\"text_block-103-591\" class=\"ct-text-block\" >Ksi\u0119\u017cy M\u0142yn<\/div><\/div><\/div><div id=\"div_block-104-591\" class=\"ct-div-block card-container\" ><div id=\"div_block-105-591\" class=\"ct-div-block card\" ><div id=\"div_block-106-591\" class=\"ct-div-block card-front\" ><\/div><div id=\"div_block-107-591\" class=\"ct-div-block card-back\" ><div id=\"div_block-108-591\" class=\"ct-div-block\" ><div id=\"text_block-109-591\" class=\"ct-text-block\" >Niedaleko \u0141odzi, idealne miejsca na jednodniowe wycieczki. Mo\u017cna tu podziwia\u0107 urocze krajobrazy, odwiedzi\u0107 pa\u0142ac w Spa\u0142a czy roma\u0144ski ko\u015bci\u00f3\u0142ek w Inow\u0142odzu.<br><\/div><\/div><\/div><\/div><div id=\"div_block-110-591\" class=\"ct-div-block\" ><div id=\"text_block-111-591\" class=\"ct-text-block\" >Spa\u0142a i Inow\u0142\u00f3dz<\/div><\/div><\/div><div id=\"div_block-112-591\" class=\"ct-div-block card-container\" ><div id=\"div_block-113-591\" class=\"ct-div-block card\" ><div id=\"div_block-114-591\" class=\"ct-div-block card-front\" ><\/div><div id=\"div_block-115-591\" class=\"ct-div-block card-back\" ><div id=\"div_block-116-591\" class=\"ct-div-block\" ><div id=\"text_block-117-591\" class=\"ct-text-block\" >Zgierz to miasto le\u017c\u0105ce tu\u017c obok \u0141odzi, znane z du\u017cego skupiska willi z prze\u0142omu XIX i XX wieku, kt\u00f3re tworz\u0105 wyj\u0105tkowy klimat.<br><\/div><\/div><\/div><\/div><div id=\"div_block-118-591\" class=\"ct-div-block\" ><div id=\"text_block-119-591\" class=\"ct-text-block\" >Zgierz - miasto will<\/div><\/div><\/div><\/div><img decoding=\"async\"  id=\"image-120-591\" alt=\"\" src=\"https:\/\/promisedland.nfhotel.usermd.net\/wp-content\/uploads\/2023\/08\/brick-pattern-background-free-vector.jpg\" class=\"ct-image\"\/><\/div><\/section>","protected":false},"excerpt":{"rendered":"","protected":false},"author":1,"featured_media":0,"parent":0,"menu_order":0,"comment_status":"closed","ping_status":"closed","template":"","meta":{"footnotes":""},"yoast_head":"<!-- This site is optimized with the Yoast SEO plugin v17.7.1 - https:\/\/yoast.com\/wordpress\/plugins\/seo\/ -->\n<title>Atrakcje w \u0141odzi | Co zobaczy\u0107 blisko Piotrkowskiej 37 | Promised Land<\/title>\n<meta name=\"description\" content=\"Poznaj najciekawsze miejsca w \u0141odzi! Nasze apartamenty znajduj\u0105 si\u0119 przy Piotrkowskiej 37, blisko Manufaktury. Sprawd\u017a, co warto zwiedzi\u0107 w okolicy i rezerwuj nocleg.\" \/>\n<meta name=\"robots\" content=\"index, follow, max-snippet:-1, max-image-preview:large, max-video-preview:-1\" \/>\n<link rel=\"canonical\" href=\"https:\/\/promisedland.pl\/de\/okolica\/\" \/>\n<meta property=\"og:locale\" content=\"de_DE\" \/>\n<meta property=\"og:type\" content=\"article\" \/>\n<meta property=\"og:title\" content=\"Atrakcje w \u0141odzi | Co zobaczy\u0107 blisko Piotrkowskiej 37 | Promised Land\" \/>\n<meta property=\"og:description\" content=\"Poznaj najciekawsze miejsca w \u0141odzi! Nasze apartamenty znajduj\u0105 si\u0119 przy Piotrkowskiej 37, blisko Manufaktury. Sprawd\u017a, co warto zwiedzi\u0107 w okolicy i rezerwuj nocleg.\" \/>\n<meta property=\"og:url\" content=\"https:\/\/promisedland.pl\/de\/okolica\/\" \/>\n<meta property=\"og:site_name\" content=\"Promised Land - Piotrkowska 37\" \/>\n<meta property=\"article:modified_time\" content=\"2026-02-06T11:35:22+00:00\" \/>\n<meta name=\"twitter:card\" content=\"summary_large_image\" \/>\n<script type=\"application\/ld+json\" class=\"yoast-schema-graph\">{\"@context\":\"https:\/\/schema.org\",\"@graph\":[{\"@type\":\"WebSite\",\"@id\":\"https:\/\/promisedland.pl\/#website\",\"url\":\"https:\/\/promisedland.pl\/\",\"name\":\"Promised Land - Piotrkowska 37\",\"description\":\"Urlop w \\u0141odzi\",\"potentialAction\":[{\"@type\":\"SearchAction\",\"target\":{\"@type\":\"EntryPoint\",\"urlTemplate\":\"https:\/\/promisedland.pl\/?s={search_term_string}\"},\"query-input\":\"required name=search_term_string\"}],\"inLanguage\":\"de\"},{\"@type\":\"WebPage\",\"@id\":\"https:\/\/promisedland.pl\/okolica#webpage\",\"url\":\"https:\/\/promisedland.pl\/okolica\",\"name\":\"Atrakcje w \\u0141odzi | Co zobaczy\\u0107 blisko Piotrkowskiej 37 | Promised Land\",\"isPartOf\":{\"@id\":\"https:\/\/promisedland.pl\/#website\"},\"datePublished\":\"2020-11-23T14:19:20+00:00\",\"dateModified\":\"2026-02-06T11:35:22+00:00\",\"description\":\"Poznaj najciekawsze miejsca w \\u0141odzi! Nasze apartamenty znajduj\\u0105 si\\u0119 przy Piotrkowskiej 37, blisko Manufaktury. Sprawd\\u017a, co warto zwiedzi\\u0107 w okolicy i rezerwuj nocleg.\",\"breadcrumb\":{\"@id\":\"https:\/\/promisedland.pl\/okolica#breadcrumb\"},\"inLanguage\":\"de\",\"potentialAction\":[{\"@type\":\"ReadAction\",\"target\":[\"https:\/\/promisedland.pl\/okolica\"]}]},{\"@type\":\"BreadcrumbList\",\"@id\":\"https:\/\/promisedland.pl\/okolica#breadcrumb\",\"itemListElement\":[{\"@type\":\"ListItem\",\"position\":1,\"name\":\"Strona g\\u0142\\u00f3wna\",\"item\":\"https:\/\/promisedland.pl\/\"},{\"@type\":\"ListItem\",\"position\":2,\"name\":\"Okolica\"}]}]}<\/script>\n<!-- \/ Yoast SEO plugin. -->","yoast_head_json":{"title":"Atrakcje w \u0141odzi | Co zobaczy\u0107 blisko Piotrkowskiej 37 | Promised Land","description":"Poznaj najciekawsze miejsca w \u0141odzi! Nasze apartamenty znajduj\u0105 si\u0119 przy Piotrkowskiej 37, blisko Manufaktury. Sprawd\u017a, co warto zwiedzi\u0107 w okolicy i rezerwuj nocleg.","robots":{"index":"index","follow":"follow","max-snippet":"max-snippet:-1","max-image-preview":"max-image-preview:large","max-video-preview":"max-video-preview:-1"},"canonical":"https:\/\/promisedland.pl\/de\/okolica\/","og_locale":"de_DE","og_type":"article","og_title":"Atrakcje w \u0141odzi | Co zobaczy\u0107 blisko Piotrkowskiej 37 | Promised Land","og_description":"Poznaj najciekawsze miejsca w \u0141odzi! Nasze apartamenty znajduj\u0105 si\u0119 przy Piotrkowskiej 37, blisko Manufaktury. Sprawd\u017a, co warto zwiedzi\u0107 w okolicy i rezerwuj nocleg.","og_url":"https:\/\/promisedland.pl\/de\/okolica\/","og_site_name":"Promised Land - Piotrkowska 37","article_modified_time":"2026-02-06T11:35:22+00:00","twitter_card":"summary_large_image","schema":{"@context":"https:\/\/schema.org","@graph":[{"@type":"WebSite","@id":"https:\/\/promisedland.pl\/#website","url":"https:\/\/promisedland.pl\/","name":"Promised Land - Piotrkowska 37","description":"Urlop w \u0141odzi","potentialAction":[{"@type":"SearchAction","target":{"@type":"EntryPoint","urlTemplate":"https:\/\/promisedland.pl\/?s={search_term_string}"},"query-input":"required name=search_term_string"}],"inLanguage":"de"},{"@type":"WebPage","@id":"https:\/\/promisedland.pl\/okolica#webpage","url":"https:\/\/promisedland.pl\/okolica","name":"Atrakcje w \u0141odzi | Co zobaczy\u0107 blisko Piotrkowskiej 37 | Promised Land","isPartOf":{"@id":"https:\/\/promisedland.pl\/#website"},"datePublished":"2020-11-23T14:19:20+00:00","dateModified":"2026-02-06T11:35:22+00:00","description":"Poznaj najciekawsze miejsca w \u0141odzi! Nasze apartamenty znajduj\u0105 si\u0119 przy Piotrkowskiej 37, blisko Manufaktury. Sprawd\u017a, co warto zwiedzi\u0107 w okolicy i rezerwuj nocleg.","breadcrumb":{"@id":"https:\/\/promisedland.pl\/okolica#breadcrumb"},"inLanguage":"de","potentialAction":[{"@type":"ReadAction","target":["https:\/\/promisedland.pl\/okolica"]}]},{"@type":"BreadcrumbList","@id":"https:\/\/promisedland.pl\/okolica#breadcrumb","itemListElement":[{"@type":"ListItem","position":1,"name":"Strona g\u0142\u00f3wna","item":"https:\/\/promisedland.pl\/"},{"@type":"ListItem","position":2,"name":"Okolica"}]}]}},"_links":{"self":[{"href":"https:\/\/promisedland.pl\/de\/wp-json\/wp\/v2\/pages\/591"}],"collection":[{"href":"https:\/\/promisedland.pl\/de\/wp-json\/wp\/v2\/pages"}],"about":[{"href":"https:\/\/promisedland.pl\/de\/wp-json\/wp\/v2\/types\/page"}],"author":[{"embeddable":true,"href":"https:\/\/promisedland.pl\/de\/wp-json\/wp\/v2\/users\/1"}],"replies":[{"embeddable":true,"href":"https:\/\/promisedland.pl\/de\/wp-json\/wp\/v2\/comments?post=591"}],"version-history":[{"count":4,"href":"https:\/\/promisedland.pl\/de\/wp-json\/wp\/v2\/pages\/591\/revisions"}],"predecessor-version":[{"id":884,"href":"https:\/\/promisedland.pl\/de\/wp-json\/wp\/v2\/pages\/591\/revisions\/884"}],"wp:attachment":[{"href":"https:\/\/promisedland.pl\/de\/wp-json\/wp\/v2\/media?parent=591"}],"curies":[{"name":"wp","href":"https:\/\/api.w.org\/{rel}","templated":true}]}}