{"id":589,"date":"2020-11-23T15:19:02","date_gmt":"2020-11-23T14:19:02","guid":{"rendered":"https:\/\/balticseaside.com\/?page_id=589"},"modified":"2026-02-06T12:41:56","modified_gmt":"2026-02-06T11:41:56","slug":"apartamenty","status":"publish","type":"page","link":"https:\/\/promisedland.pl\/de\/apartamenty","title":{"rendered":"Apartments"},"content":{"rendered":"","protected":false},"excerpt":{"rendered":"","protected":false},"author":1,"featured_media":0,"parent":0,"menu_order":0,"comment_status":"closed","ping_status":"closed","template":"","meta":{"footnotes":""},"yoast_head":"<!-- This site is optimized with the Yoast SEO plugin v17.7.1 - https:\/\/yoast.com\/wordpress\/plugins\/seo\/ -->\n<title>Apartamenty w \u0141odzi | Komfortowe Noclegi przy Piotrkowskiej | Promised Land<\/title>\n<meta name=\"description\" content=\"Odkryj nasze apartamenty w sercu \u0141odzi! Oferujemy nowoczesne studia w zabytkowej kamienicy przy Piotrkowskiej 37. Wysoki standard, Wi-Fi i \u015bwietna lokalizacja. Zobacz galeri\u0119!\" \/>\n<meta name=\"robots\" content=\"index, follow, max-snippet:-1, max-image-preview:large, max-video-preview:-1\" \/>\n<link rel=\"canonical\" href=\"https:\/\/promisedland.pl\/de\/apartamenty\/\" \/>\n<meta property=\"og:locale\" content=\"de_DE\" \/>\n<meta property=\"og:type\" content=\"article\" \/>\n<meta property=\"og:title\" content=\"Apartamenty w \u0141odzi | Komfortowe Noclegi przy Piotrkowskiej | Promised Land\" \/>\n<meta property=\"og:description\" content=\"Odkryj nasze apartamenty w sercu \u0141odzi! Oferujemy nowoczesne studia w zabytkowej kamienicy przy Piotrkowskiej 37. Wysoki standard, Wi-Fi i \u015bwietna lokalizacja. Zobacz galeri\u0119!\" \/>\n<meta property=\"og:url\" content=\"https:\/\/promisedland.pl\/de\/apartamenty\/\" \/>\n<meta property=\"og:site_name\" content=\"Promised Land - Piotrkowska 37\" \/>\n<meta property=\"article:modified_time\" content=\"2026-02-06T11:41:56+00:00\" \/>\n<meta name=\"twitter:card\" content=\"summary_large_image\" \/>\n<script type=\"application\/ld+json\" class=\"yoast-schema-graph\">{\"@context\":\"https:\/\/schema.org\",\"@graph\":[{\"@type\":\"WebSite\",\"@id\":\"https:\/\/promisedland.pl\/#website\",\"url\":\"https:\/\/promisedland.pl\/\",\"name\":\"Promised Land - Piotrkowska 37\",\"description\":\"Urlop w \\u0141odzi\",\"potentialAction\":[{\"@type\":\"SearchAction\",\"target\":{\"@type\":\"EntryPoint\",\"urlTemplate\":\"https:\/\/promisedland.pl\/?s={search_term_string}\"},\"query-input\":\"required name=search_term_string\"}],\"inLanguage\":\"de\"},{\"@type\":\"WebPage\",\"@id\":\"https:\/\/promisedland.pl\/apartamenty#webpage\",\"url\":\"https:\/\/promisedland.pl\/apartamenty\",\"name\":\"Apartamenty w \\u0141odzi | Komfortowe Noclegi przy Piotrkowskiej | Promised Land\",\"isPartOf\":{\"@id\":\"https:\/\/promisedland.pl\/#website\"},\"datePublished\":\"2020-11-23T14:19:02+00:00\",\"dateModified\":\"2026-02-06T11:41:56+00:00\",\"description\":\"Odkryj nasze apartamenty w sercu \\u0141odzi! Oferujemy nowoczesne studia w zabytkowej kamienicy przy Piotrkowskiej 37. Wysoki standard, Wi-Fi i \\u015bwietna lokalizacja. Zobacz galeri\\u0119!\",\"breadcrumb\":{\"@id\":\"https:\/\/promisedland.pl\/apartamenty#breadcrumb\"},\"inLanguage\":\"de\",\"potentialAction\":[{\"@type\":\"ReadAction\",\"target\":[\"https:\/\/promisedland.pl\/apartamenty\"]}]},{\"@type\":\"BreadcrumbList\",\"@id\":\"https:\/\/promisedland.pl\/apartamenty#breadcrumb\",\"itemListElement\":[{\"@type\":\"ListItem\",\"position\":1,\"name\":\"Strona g\\u0142\\u00f3wna\",\"item\":\"https:\/\/promisedland.pl\/\"},{\"@type\":\"ListItem\",\"position\":2,\"name\":\"Apartamenty\"}]}]}<\/script>\n<!-- \/ Yoast SEO plugin. -->","yoast_head_json":{"title":"Apartamenty w \u0141odzi | Komfortowe Noclegi przy Piotrkowskiej | Promised Land","description":"Odkryj nasze apartamenty w sercu \u0141odzi! Oferujemy nowoczesne studia w zabytkowej kamienicy przy Piotrkowskiej 37. Wysoki standard, Wi-Fi i \u015bwietna lokalizacja. Zobacz galeri\u0119!","robots":{"index":"index","follow":"follow","max-snippet":"max-snippet:-1","max-image-preview":"max-image-preview:large","max-video-preview":"max-video-preview:-1"},"canonical":"https:\/\/promisedland.pl\/de\/apartamenty\/","og_locale":"de_DE","og_type":"article","og_title":"Apartamenty w \u0141odzi | Komfortowe Noclegi przy Piotrkowskiej | Promised Land","og_description":"Odkryj nasze apartamenty w sercu \u0141odzi! Oferujemy nowoczesne studia w zabytkowej kamienicy przy Piotrkowskiej 37. Wysoki standard, Wi-Fi i \u015bwietna lokalizacja. Zobacz galeri\u0119!","og_url":"https:\/\/promisedland.pl\/de\/apartamenty\/","og_site_name":"Promised Land - Piotrkowska 37","article_modified_time":"2026-02-06T11:41:56+00:00","twitter_card":"summary_large_image","schema":{"@context":"https:\/\/schema.org","@graph":[{"@type":"WebSite","@id":"https:\/\/promisedland.pl\/#website","url":"https:\/\/promisedland.pl\/","name":"Promised Land - Piotrkowska 37","description":"Urlop w \u0141odzi","potentialAction":[{"@type":"SearchAction","target":{"@type":"EntryPoint","urlTemplate":"https:\/\/promisedland.pl\/?s={search_term_string}"},"query-input":"required name=search_term_string"}],"inLanguage":"de"},{"@type":"WebPage","@id":"https:\/\/promisedland.pl\/apartamenty#webpage","url":"https:\/\/promisedland.pl\/apartamenty","name":"Apartamenty w \u0141odzi | Komfortowe Noclegi przy Piotrkowskiej | Promised Land","isPartOf":{"@id":"https:\/\/promisedland.pl\/#website"},"datePublished":"2020-11-23T14:19:02+00:00","dateModified":"2026-02-06T11:41:56+00:00","description":"Odkryj nasze apartamenty w sercu \u0141odzi! Oferujemy nowoczesne studia w zabytkowej kamienicy przy Piotrkowskiej 37. Wysoki standard, Wi-Fi i \u015bwietna lokalizacja. Zobacz galeri\u0119!","breadcrumb":{"@id":"https:\/\/promisedland.pl\/apartamenty#breadcrumb"},"inLanguage":"de","potentialAction":[{"@type":"ReadAction","target":["https:\/\/promisedland.pl\/apartamenty"]}]},{"@type":"BreadcrumbList","@id":"https:\/\/promisedland.pl\/apartamenty#breadcrumb","itemListElement":[{"@type":"ListItem","position":1,"name":"Strona g\u0142\u00f3wna","item":"https:\/\/promisedland.pl\/"},{"@type":"ListItem","position":2,"name":"Apartamenty"}]}]}},"_links":{"self":[{"href":"https:\/\/promisedland.pl\/de\/wp-json\/wp\/v2\/pages\/589"}],"collection":[{"href":"https:\/\/promisedland.pl\/de\/wp-json\/wp\/v2\/pages"}],"about":[{"href":"https:\/\/promisedland.pl\/de\/wp-json\/wp\/v2\/types\/page"}],"author":[{"embeddable":true,"href":"https:\/\/promisedland.pl\/de\/wp-json\/wp\/v2\/users\/1"}],"replies":[{"embeddable":true,"href":"https:\/\/promisedland.pl\/de\/wp-json\/wp\/v2\/comments?post=589"}],"version-history":[{"count":1,"href":"https:\/\/promisedland.pl\/de\/wp-json\/wp\/v2\/pages\/589\/revisions"}],"predecessor-version":[{"id":590,"href":"https:\/\/promisedland.pl\/de\/wp-json\/wp\/v2\/pages\/589\/revisions\/590"}],"wp:attachment":[{"href":"https:\/\/promisedland.pl\/de\/wp-json\/wp\/v2\/media?parent=589"}],"curies":[{"name":"wp","href":"https:\/\/api.w.org\/{rel}","templated":true}]}}