{"id":540,"date":"2020-09-10T10:56:51","date_gmt":"2020-09-10T08:56:51","guid":{"rendered":"https:\/\/balticseaside.com\/?page_id=540"},"modified":"2026-02-06T13:17:29","modified_gmt":"2026-02-06T12:17:29","slug":"galeria","status":"publish","type":"page","link":"https:\/\/promisedland.pl\/de\/galeria","title":{"rendered":"Galerie"},"content":{"rendered":"","protected":false},"excerpt":{"rendered":"","protected":false},"author":1,"featured_media":0,"parent":0,"menu_order":0,"comment_status":"closed","ping_status":"closed","template":"","meta":{"footnotes":""},"yoast_head":"<!-- This site is optimized with the Yoast SEO plugin v17.7.1 - https:\/\/yoast.com\/wordpress\/plugins\/seo\/ -->\n<title>Zdj\u0119cia Apartament\u00f3w | Promised Land \u0141\u00f3d\u017a | Piotrkowska 37<\/title>\n<meta name=\"description\" content=\"Zobacz wn\u0119trza naszych apartament\u00f3w w centrum \u0141odzi! Galeria zdj\u0119\u0107 Promised Land - sprawd\u017a standard naszych pokoi przy Piotrkowskiej 37 i zarezerwuj pobyt.\" \/>\n<meta name=\"robots\" content=\"index, follow, max-snippet:-1, max-image-preview:large, max-video-preview:-1\" \/>\n<link rel=\"canonical\" href=\"https:\/\/promisedland.pl\/de\/galeria\/\" \/>\n<meta property=\"og:locale\" content=\"de_DE\" \/>\n<meta property=\"og:type\" content=\"article\" \/>\n<meta property=\"og:title\" content=\"Zdj\u0119cia Apartament\u00f3w | Promised Land \u0141\u00f3d\u017a | Piotrkowska 37\" \/>\n<meta property=\"og:description\" content=\"Zobacz wn\u0119trza naszych apartament\u00f3w w centrum \u0141odzi! Galeria zdj\u0119\u0107 Promised Land - sprawd\u017a standard naszych pokoi przy Piotrkowskiej 37 i zarezerwuj pobyt.\" \/>\n<meta property=\"og:url\" content=\"https:\/\/promisedland.pl\/de\/galeria\/\" \/>\n<meta property=\"og:site_name\" content=\"Promised Land - Piotrkowska 37\" \/>\n<meta property=\"article:modified_time\" content=\"2026-02-06T12:17:29+00:00\" \/>\n<meta name=\"twitter:card\" content=\"summary_large_image\" \/>\n<script type=\"application\/ld+json\" class=\"yoast-schema-graph\">{\"@context\":\"https:\/\/schema.org\",\"@graph\":[{\"@type\":\"WebSite\",\"@id\":\"https:\/\/promisedland.pl\/#website\",\"url\":\"https:\/\/promisedland.pl\/\",\"name\":\"Promised Land - Piotrkowska 37\",\"description\":\"Urlop w \\u0141odzi\",\"potentialAction\":[{\"@type\":\"SearchAction\",\"target\":{\"@type\":\"EntryPoint\",\"urlTemplate\":\"https:\/\/promisedland.pl\/?s={search_term_string}\"},\"query-input\":\"required name=search_term_string\"}],\"inLanguage\":\"de\"},{\"@type\":\"WebPage\",\"@id\":\"https:\/\/promisedland.pl\/galeria#webpage\",\"url\":\"https:\/\/promisedland.pl\/galeria\",\"name\":\"Zdj\\u0119cia Apartament\\u00f3w | Promised Land \\u0141\\u00f3d\\u017a | Piotrkowska 37\",\"isPartOf\":{\"@id\":\"https:\/\/promisedland.pl\/#website\"},\"datePublished\":\"2020-09-10T08:56:51+00:00\",\"dateModified\":\"2026-02-06T12:17:29+00:00\",\"description\":\"Zobacz wn\\u0119trza naszych apartament\\u00f3w w centrum \\u0141odzi! Galeria zdj\\u0119\\u0107 Promised Land - sprawd\\u017a standard naszych pokoi przy Piotrkowskiej 37 i zarezerwuj pobyt.\",\"breadcrumb\":{\"@id\":\"https:\/\/promisedland.pl\/galeria#breadcrumb\"},\"inLanguage\":\"de\",\"potentialAction\":[{\"@type\":\"ReadAction\",\"target\":[\"https:\/\/promisedland.pl\/galeria\"]}]},{\"@type\":\"BreadcrumbList\",\"@id\":\"https:\/\/promisedland.pl\/galeria#breadcrumb\",\"itemListElement\":[{\"@type\":\"ListItem\",\"position\":1,\"name\":\"Strona g\\u0142\\u00f3wna\",\"item\":\"https:\/\/promisedland.pl\/\"},{\"@type\":\"ListItem\",\"position\":2,\"name\":\"Galeria\"}]}]}<\/script>\n<!-- \/ Yoast SEO plugin. -->","yoast_head_json":{"title":"Zdj\u0119cia Apartament\u00f3w | Promised Land \u0141\u00f3d\u017a | Piotrkowska 37","description":"Zobacz wn\u0119trza naszych apartament\u00f3w w centrum \u0141odzi! Galeria zdj\u0119\u0107 Promised Land - sprawd\u017a standard naszych pokoi przy Piotrkowskiej 37 i zarezerwuj pobyt.","robots":{"index":"index","follow":"follow","max-snippet":"max-snippet:-1","max-image-preview":"max-image-preview:large","max-video-preview":"max-video-preview:-1"},"canonical":"https:\/\/promisedland.pl\/de\/galeria\/","og_locale":"de_DE","og_type":"article","og_title":"Zdj\u0119cia Apartament\u00f3w | Promised Land \u0141\u00f3d\u017a | Piotrkowska 37","og_description":"Zobacz wn\u0119trza naszych apartament\u00f3w w centrum \u0141odzi! Galeria zdj\u0119\u0107 Promised Land - sprawd\u017a standard naszych pokoi przy Piotrkowskiej 37 i zarezerwuj pobyt.","og_url":"https:\/\/promisedland.pl\/de\/galeria\/","og_site_name":"Promised Land - Piotrkowska 37","article_modified_time":"2026-02-06T12:17:29+00:00","twitter_card":"summary_large_image","schema":{"@context":"https:\/\/schema.org","@graph":[{"@type":"WebSite","@id":"https:\/\/promisedland.pl\/#website","url":"https:\/\/promisedland.pl\/","name":"Promised Land - Piotrkowska 37","description":"Urlop w \u0141odzi","potentialAction":[{"@type":"SearchAction","target":{"@type":"EntryPoint","urlTemplate":"https:\/\/promisedland.pl\/?s={search_term_string}"},"query-input":"required name=search_term_string"}],"inLanguage":"de"},{"@type":"WebPage","@id":"https:\/\/promisedland.pl\/galeria#webpage","url":"https:\/\/promisedland.pl\/galeria","name":"Zdj\u0119cia Apartament\u00f3w | Promised Land \u0141\u00f3d\u017a | Piotrkowska 37","isPartOf":{"@id":"https:\/\/promisedland.pl\/#website"},"datePublished":"2020-09-10T08:56:51+00:00","dateModified":"2026-02-06T12:17:29+00:00","description":"Zobacz wn\u0119trza naszych apartament\u00f3w w centrum \u0141odzi! Galeria zdj\u0119\u0107 Promised Land - sprawd\u017a standard naszych pokoi przy Piotrkowskiej 37 i zarezerwuj pobyt.","breadcrumb":{"@id":"https:\/\/promisedland.pl\/galeria#breadcrumb"},"inLanguage":"de","potentialAction":[{"@type":"ReadAction","target":["https:\/\/promisedland.pl\/galeria"]}]},{"@type":"BreadcrumbList","@id":"https:\/\/promisedland.pl\/galeria#breadcrumb","itemListElement":[{"@type":"ListItem","position":1,"name":"Strona g\u0142\u00f3wna","item":"https:\/\/promisedland.pl\/"},{"@type":"ListItem","position":2,"name":"Galeria"}]}]}},"_links":{"self":[{"href":"https:\/\/promisedland.pl\/de\/wp-json\/wp\/v2\/pages\/540"}],"collection":[{"href":"https:\/\/promisedland.pl\/de\/wp-json\/wp\/v2\/pages"}],"about":[{"href":"https:\/\/promisedland.pl\/de\/wp-json\/wp\/v2\/types\/page"}],"author":[{"embeddable":true,"href":"https:\/\/promisedland.pl\/de\/wp-json\/wp\/v2\/users\/1"}],"replies":[{"embeddable":true,"href":"https:\/\/promisedland.pl\/de\/wp-json\/wp\/v2\/comments?post=540"}],"version-history":[{"count":16,"href":"https:\/\/promisedland.pl\/de\/wp-json\/wp\/v2\/pages\/540\/revisions"}],"predecessor-version":[{"id":993,"href":"https:\/\/promisedland.pl\/de\/wp-json\/wp\/v2\/pages\/540\/revisions\/993"}],"wp:attachment":[{"href":"https:\/\/promisedland.pl\/de\/wp-json\/wp\/v2\/media?parent=540"}],"curies":[{"name":"wp","href":"https:\/\/api.w.org\/{rel}","templated":true}]}}