{"id":18,"date":"2020-06-10T09:19:28","date_gmt":"2020-06-10T07:19:28","guid":{"rendered":"https:\/\/balticseaside.com\/?page_id=18"},"modified":"2026-02-06T12:07:40","modified_gmt":"2026-02-06T11:07:40","slug":"o-nas","status":"publish","type":"page","link":"https:\/\/promisedland.pl\/de\/","title":{"rendered":"O nas"},"content":{"rendered":"<section id=\"top\" class=\"ct-section\" ><div class=\"ct-section-inner-wrap\"><link rel='stylesheet' id='oxygen-unslider-css'  href='https:\/\/promisedland.pl\/wp-content\/plugins\/oxygen\/component-framework\/vendor\/unslider\/unslider.css' type='text\/css' media='all'\/><div id=\"slider-866-18\" class=\"ct-slider ct_unique_slider_3491\" ><div class=\"oxygen-unslider-container\"><ul><li><div id=\"slide-867-18\" class=\"ct-slide\" ><\/div><\/li><li><div id=\"slide-868-18\" class=\"ct-slide\" ><\/div><\/li><li><div id=\"slide-869-18\" class=\"ct-slide\" ><\/div><\/li><\/ul><\/div><\/div><script class=\"ct-slider-script\">jQuery(document).ready(function($){$('#slider-866-18.ct_unique_slider_3491 .oxygen-unslider-container:not(.unslider-horizontal,.unslider-fade)').unslider({autoplay: true, delay: 3500, animation: 'fade', speed : 1500, arrows: false, nav: false, infinite: false})});<\/script><div id=\"code_block-21-18\" class=\"ct-code-block\" ><\/div><div id=\"div_block-3-18\" class=\"ct-div-block\" ><h1 id=\"headline-5-18\" class=\"ct-headline\">Promised Land-Piotrkowska 37<\/h1><div id=\"text_block-6-18\" class=\"ct-text-block\" >apartments<\/div><div id=\"div_block-635-18\" class=\"ct-div-block\" ><\/div><div id=\"text_block-8-18\" class=\"ct-text-block\" >Twoje miejsce w sercu miasta - komfortowe apartamenty na ulicy Piotrkowskiej w \u0141odzi<\/div><\/div><\/div><\/section><section id=\"o-nas\" class=\"ct-section\" ><div class=\"ct-section-inner-wrap\"><div id=\"div_block-649-18\" class=\"ct-div-block\" ><div id=\"div_block-637-18\" class=\"ct-div-block\"  data-aos=\"fade-up\" data-aos-duration=\"600\" data-aos-easing=\"ease-in-out\"><div id=\"div_block-842-18\" class=\"ct-div-block\" ><img decoding=\"async\"  id=\"image-638-18\" alt=\"\" src=\"\/wp-content\/uploads\/2023\/08\/IMG_2032-copy-scaled.jpg\" class=\"ct-image cover-image\"\/><\/div><div id=\"div_block-639-18\" class=\"ct-div-block\" ><div id=\"text_block-640-18\" class=\"ct-text-block\" >IM ERDGESCHOSS<\/div><h3 id=\"headline-642-18\" class=\"ct-headline section-heading\">Apartments<\/h3><div id=\"div_block-644-18\" class=\"ct-div-block\" ><\/div><div id=\"text_block-645-18\" class=\"ct-text-block\" >Szukasz wyj\u0105tkowego miejsca na pobyt w \u0141odzi? Zapraszamy Ci\u0119 do Apartament\u00f3w Promised Land.\nNasze apartamenty s\u0105 nie tylko stylowe, ale tak\u017ce praktyczne. Wyposa\u017cone we wszystkie niezb\u0119dne udogodnienia, zapewniaj\u0105 komfort, kt\u00f3ry jest nieod\u0142\u0105cznym elementem doskona\u0142ego pobytu. Wyj\u0105tkowy design \u0142\u0105czy si\u0119 z funkcjonalno\u015bci\u0105, a ka\u017cdy element zosta\u0142 zaprojektowany z my\u015bl\u0105 o Twojej wygodzie.\n\n<\/div><a id=\"link_button-757-18\" class=\"ct-link-button secondary-btn\" href=\"https:\/\/promisedland.nfhotel.usermd.net\/apartamenty\"   >Erfahren Sie mehr<\/a><\/div><\/div><\/div><div id=\"div_block-738-18\" class=\"ct-div-block\" ><\/div><\/div><\/section><section id=\"section-665-18\" class=\"ct-section\" style=\"background-image: linear-gradient(#ffffff, rgba(255,255,255,0), #ffffff), linear-gradient(rgba(255,255,255,0.83), rgba(255,255,255,0.83)), url(https:\/\/promisedland.nfhotel.usermd.net\/wp-content\/uploads\/2020\/11\/pattern8.jpg);background-size:auto, auto,  contain;\" ><div class=\"ct-section-inner-wrap\"><div id=\"div_block-800-18\" class=\"ct-div-block\" ><div id=\"div_block-935-18\" class=\"ct-div-block\" ><img decoding=\"async\"  id=\"image-931-18\" alt=\"\" src=\"\/wp-content\/uploads\/2023\/07\/csm_Manufaktura_z_gory_widok_z_Muz._Fabryki_fot._Sebastian_Glapinski_UML_0d9a3448e5.jpg\" class=\"ct-image cover-image\" data-aos=\"fade-right\" data-aos-duration=\"600\" data-aos-easing=\"ease-in-out\"\/><\/div><div id=\"div_block-917-18\" class=\"ct-div-block\"  data-aos=\"fade-down\" data-aos-duration=\"500\" data-aos-delay=\"300\"><h3 id=\"headline-939-18\" class=\"ct-headline section-heading\">Poznaj \u0141\u00f3d\u017a<\/h3><div id=\"div_block-929-18\" class=\"ct-div-block\" ><\/div><div id=\"text_block-920-18\" class=\"ct-text-block\" >\u0141\u00f3d\u017a to miasto tkaczy i filmowc\u00f3w, gdzie historyczne fabryki splataj\u0105 si\u0119 z nowoczesnymi galeriami. Wyj\u0105tkowy charakter miasta odzwierciedla si\u0119 w ulicach Piotrkowskiej i Manufaktury, gdzie tradycja spotyka si\u0119 z nowoczesno\u015bci\u0105. \u0141\u00f3d\u017a to miejsce, gdzie sztuka, kultura i przemys\u0142 \u0142\u0105cz\u0105 si\u0119 w harmonijn\u0105 ca\u0142o\u015b\u0107, tworz\u0105c niepowtarzalny krajobraz pe\u0142en inspiracji i energii.<\/div><a id=\"link_button-928-18\" class=\"ct-link-button secondary-btn\" href=\"https:\/\/promisedland.nfhotel.usermd.net\/okolica\"   >Erfahren Sie mehr<\/a><\/div><\/div><\/div><\/section><div id=\"code_block-823-18\" class=\"ct-code-block\" ><div class=\"region-tooltip\">\n  Wybrze\u017ce rewalskie: <a href=\"\/de\/pobierowo\/\">Pobierowo<\/a>, <a href=\"\/de\/pustkowo\/\">Pustkowo<\/a>, <a href=\"\/de\/trzesacz\/\">Trz\u0119sacz<\/a>, <a href=\"\/de\/rewal\/\">Rewal<\/a>, <a href=\"\/de\/niechorze\/\">Niechorze<\/a>, <a href=\"\/de\/pogorzelica\/\">Pogorzelica<\/a>.\n<\/div><\/div>","protected":false},"excerpt":{"rendered":"","protected":false},"author":1,"featured_media":0,"parent":0,"menu_order":0,"comment_status":"closed","ping_status":"closed","template":"","meta":{"footnotes":""},"yoast_head":"<!-- This site is optimized with the Yoast SEO plugin v17.7.1 - https:\/\/yoast.com\/wordpress\/plugins\/seo\/ -->\n<title>Promised Land - Apartamenty Piotrkowska 37 \u0141\u00f3d\u017a | Noclegi<\/title>\n<meta name=\"description\" content=\"Szukasz noclegu w centrum \u0141odzi? Odkryj Promised Land przy Piotrkowskiej 37. Komfortowe apartamenty w zabytkowej kamienicy. Rezerwuj bezpo\u015brednio i nocuj taniej!\" \/>\n<meta name=\"robots\" content=\"index, follow, max-snippet:-1, max-image-preview:large, max-video-preview:-1\" \/>\n<link rel=\"canonical\" href=\"https:\/\/promisedland.pl\/de\/\" \/>\n<meta property=\"og:locale\" content=\"de_DE\" \/>\n<meta property=\"og:type\" content=\"article\" \/>\n<meta property=\"og:title\" content=\"Promised Land - Apartamenty Piotrkowska 37 \u0141\u00f3d\u017a | Noclegi\" \/>\n<meta property=\"og:description\" content=\"Szukasz noclegu w centrum \u0141odzi? Odkryj Promised Land przy Piotrkowskiej 37. Komfortowe apartamenty w zabytkowej kamienicy. Rezerwuj bezpo\u015brednio i nocuj taniej!\" \/>\n<meta property=\"og:url\" content=\"https:\/\/promisedland.pl\/de\/\" \/>\n<meta property=\"og:site_name\" content=\"Promised Land - Piotrkowska 37\" \/>\n<meta property=\"article:modified_time\" content=\"2026-02-06T11:07:40+00:00\" \/>\n<meta name=\"twitter:card\" content=\"summary_large_image\" \/>\n<script type=\"application\/ld+json\" class=\"yoast-schema-graph\">{\"@context\":\"https:\/\/schema.org\",\"@graph\":[{\"@type\":\"WebSite\",\"@id\":\"https:\/\/promisedland.pl\/#website\",\"url\":\"https:\/\/promisedland.pl\/\",\"name\":\"Promised Land - Piotrkowska 37\",\"description\":\"Urlop w \\u0141odzi\",\"potentialAction\":[{\"@type\":\"SearchAction\",\"target\":{\"@type\":\"EntryPoint\",\"urlTemplate\":\"https:\/\/promisedland.pl\/?s={search_term_string}\"},\"query-input\":\"required name=search_term_string\"}],\"inLanguage\":\"de\"},{\"@type\":\"WebPage\",\"@id\":\"https:\/\/promisedland.pl\/#webpage\",\"url\":\"https:\/\/promisedland.pl\/\",\"name\":\"Promised Land - Apartamenty Piotrkowska 37 \\u0141\\u00f3d\\u017a | Noclegi\",\"isPartOf\":{\"@id\":\"https:\/\/promisedland.pl\/#website\"},\"datePublished\":\"2020-06-10T07:19:28+00:00\",\"dateModified\":\"2026-02-06T11:07:40+00:00\",\"description\":\"Szukasz noclegu w centrum \\u0141odzi? Odkryj Promised Land przy Piotrkowskiej 37. Komfortowe apartamenty w zabytkowej kamienicy. Rezerwuj bezpo\\u015brednio i nocuj taniej!\",\"breadcrumb\":{\"@id\":\"https:\/\/promisedland.pl\/#breadcrumb\"},\"inLanguage\":\"de\",\"potentialAction\":[{\"@type\":\"ReadAction\",\"target\":[\"https:\/\/promisedland.pl\/\"]}]},{\"@type\":\"BreadcrumbList\",\"@id\":\"https:\/\/promisedland.pl\/#breadcrumb\",\"itemListElement\":[{\"@type\":\"ListItem\",\"position\":1,\"name\":\"Strona g\\u0142\\u00f3wna\",\"item\":\"https:\/\/promisedland.pl\/\"},{\"@type\":\"ListItem\",\"position\":2,\"name\":\"O nas\"}]}]}<\/script>\n<!-- \/ Yoast SEO plugin. -->","yoast_head_json":{"title":"Promised Land - Apartamenty Piotrkowska 37 \u0141\u00f3d\u017a | Noclegi","description":"Szukasz noclegu w centrum \u0141odzi? Odkryj Promised Land przy Piotrkowskiej 37. Komfortowe apartamenty w zabytkowej kamienicy. Rezerwuj bezpo\u015brednio i nocuj taniej!","robots":{"index":"index","follow":"follow","max-snippet":"max-snippet:-1","max-image-preview":"max-image-preview:large","max-video-preview":"max-video-preview:-1"},"canonical":"https:\/\/promisedland.pl\/de\/","og_locale":"de_DE","og_type":"article","og_title":"Promised Land - Apartamenty Piotrkowska 37 \u0141\u00f3d\u017a | Noclegi","og_description":"Szukasz noclegu w centrum \u0141odzi? Odkryj Promised Land przy Piotrkowskiej 37. Komfortowe apartamenty w zabytkowej kamienicy. Rezerwuj bezpo\u015brednio i nocuj taniej!","og_url":"https:\/\/promisedland.pl\/de\/","og_site_name":"Promised Land - Piotrkowska 37","article_modified_time":"2026-02-06T11:07:40+00:00","twitter_card":"summary_large_image","schema":{"@context":"https:\/\/schema.org","@graph":[{"@type":"WebSite","@id":"https:\/\/promisedland.pl\/#website","url":"https:\/\/promisedland.pl\/","name":"Promised Land - Piotrkowska 37","description":"Urlop w \u0141odzi","potentialAction":[{"@type":"SearchAction","target":{"@type":"EntryPoint","urlTemplate":"https:\/\/promisedland.pl\/?s={search_term_string}"},"query-input":"required name=search_term_string"}],"inLanguage":"de"},{"@type":"WebPage","@id":"https:\/\/promisedland.pl\/#webpage","url":"https:\/\/promisedland.pl\/","name":"Promised Land - Apartamenty Piotrkowska 37 \u0141\u00f3d\u017a | Noclegi","isPartOf":{"@id":"https:\/\/promisedland.pl\/#website"},"datePublished":"2020-06-10T07:19:28+00:00","dateModified":"2026-02-06T11:07:40+00:00","description":"Szukasz noclegu w centrum \u0141odzi? Odkryj Promised Land przy Piotrkowskiej 37. Komfortowe apartamenty w zabytkowej kamienicy. Rezerwuj bezpo\u015brednio i nocuj taniej!","breadcrumb":{"@id":"https:\/\/promisedland.pl\/#breadcrumb"},"inLanguage":"de","potentialAction":[{"@type":"ReadAction","target":["https:\/\/promisedland.pl\/"]}]},{"@type":"BreadcrumbList","@id":"https:\/\/promisedland.pl\/#breadcrumb","itemListElement":[{"@type":"ListItem","position":1,"name":"Strona g\u0142\u00f3wna","item":"https:\/\/promisedland.pl\/"},{"@type":"ListItem","position":2,"name":"O nas"}]}]}},"_links":{"self":[{"href":"https:\/\/promisedland.pl\/de\/wp-json\/wp\/v2\/pages\/18"}],"collection":[{"href":"https:\/\/promisedland.pl\/de\/wp-json\/wp\/v2\/pages"}],"about":[{"href":"https:\/\/promisedland.pl\/de\/wp-json\/wp\/v2\/types\/page"}],"author":[{"embeddable":true,"href":"https:\/\/promisedland.pl\/de\/wp-json\/wp\/v2\/users\/1"}],"replies":[{"embeddable":true,"href":"https:\/\/promisedland.pl\/de\/wp-json\/wp\/v2\/comments?post=18"}],"version-history":[{"count":93,"href":"https:\/\/promisedland.pl\/de\/wp-json\/wp\/v2\/pages\/18\/revisions"}],"predecessor-version":[{"id":996,"href":"https:\/\/promisedland.pl\/de\/wp-json\/wp\/v2\/pages\/18\/revisions\/996"}],"wp:attachment":[{"href":"https:\/\/promisedland.pl\/de\/wp-json\/wp\/v2\/media?parent=18"}],"curies":[{"name":"wp","href":"https:\/\/api.w.org\/{rel}","templated":true}]}}